{"id":7918,"date":"2022-03-31T13:35:06","date_gmt":"2022-03-31T13:35:06","guid":{"rendered":"http:\/\/penatvelo.md\/?page_id=7918"},"modified":"2022-04-08T09:03:52","modified_gmt":"2022-04-08T09:03:52","slug":"devino-partener","status":"publish","type":"page","link":"https:\/\/penatvelo.md\/ru\/devino-partener\/","title":{"rendered":"\u0421\u0442\u0430\u043d\u044c \u043d\u0430\u0448\u0438\u043c \u043f\u0430\u0440\u0442\u043d\u0451\u0440\u043e\u043c"},"content":{"rendered":"<div class=\"vc_row wpb_row vc_row-fluid\"><div class=\"wpb_column vc_column_container vc_col-sm-4\"><div class=\"vc_column-inner\"><div class=\"wpb_wrapper\"><\/div><\/div><\/div><div class=\"wpb_column vc_column_container vc_col-sm-4\"><div class=\"vc_column-inner\"><div class=\"wpb_wrapper\">\n\t<div class=\"wpb_text_column wpb_content_element\" >\n\t\t<div class=\"wpb_wrapper\">\n\t\t\t<h4 style=\"text-align: center;\">Vinz\u0103ri angro<\/h4>\n<div align=\"justify\">Baza de produse Penat Velo \u0219i cu am\u0103nuntul la cele mai bune pre\u021buri. Produsele noastre sunt remarcate prin calitatea \u00eenalt\u0103 pe care o au c\u00e2t \u0219i pre\u021bul accesibil. Misiunea noastr\u0103 este de a v\u0103 oferi experien\u021be frumoase cu produsele noastre, care v\u0103 vor simplifica activitatea \u0219i v\u0103 vor bucura prin calitatea acestora.<\/div>\n\n\t\t<\/div>\n\t<\/div>\n<div role=\"form\" class=\"wpcf7\" id=\"wpcf7-f4-o1\" lang=\"en-US\" dir=\"ltr\">\n<div class=\"screen-reader-response\"><p role=\"status\" aria-live=\"polite\" aria-atomic=\"true\"><\/p> <ul><\/ul><\/div>\n<form action=\"\/ru\/wp-json\/wp\/v2\/pages\/7918#wpcf7-f4-o1\" method=\"post\" class=\"wpcf7-form init\" novalidate=\"novalidate\" data-status=\"init\" data-trp-original-action=\"\/ru\/wp-json\/wp\/v2\/pages\/7918#wpcf7-f4-o1\">\n<div style=\"display: none;\">\n<input type=\"hidden\" name=\"_wpcf7\" value=\"4\" \/>\n<input type=\"hidden\" name=\"_wpcf7_version\" value=\"5.5.6\" \/>\n<input type=\"hidden\" name=\"_wpcf7_locale\" value=\"en_US\" \/>\n<input type=\"hidden\" name=\"_wpcf7_unit_tag\" value=\"wpcf7-f4-o1\" \/>\n<input type=\"hidden\" name=\"_wpcf7_container_post\" value=\"0\" \/>\n<input type=\"hidden\" name=\"_wpcf7_posted_data_hash\" value=\"\" \/>\n<\/div>\n<p><label> Numele (obligatoriu)<br \/>\n    <span class=\"wpcf7-form-control-wrap your-name\"><input type=\"text\" name=\"your-name\" value=\"\" size=\"40\" class=\"wpcf7-form-control wpcf7-text wpcf7-validates-as-required\" aria-required=\"true\" aria-invalid=\"false\" \/><\/span> <\/label><\/p>\n<p><label> Po\u0219ta electronic\u0103 (obligatoriu)<br \/>\n    <span class=\"wpcf7-form-control-wrap your-email\"><input type=\"email\" name=\"your-email\" value=\"\" size=\"40\" class=\"wpcf7-form-control wpcf7-text wpcf7-email wpcf7-validates-as-required wpcf7-validates-as-email\" aria-required=\"true\" aria-invalid=\"false\" \/><\/span> <\/label><\/p>\n<p><label> Subiect<br \/>\n    <span class=\"wpcf7-form-control-wrap your-subject\"><input type=\"text\" name=\"your-subject\" value=\"\" size=\"40\" class=\"wpcf7-form-control wpcf7-text\" aria-invalid=\"false\" \/><\/span> <\/label><\/p>\n<p><label> Mesajul<br \/>\n    <span class=\"wpcf7-form-control-wrap your-message\"><textarea name=\"your-message\" cols=\"40\" rows=\"10\" class=\"wpcf7-form-control wpcf7-textarea\" aria-invalid=\"false\"><\/textarea><\/span> <\/label><\/p>\n<p><input type=\"submit\" value=\"Expediaz\u0103\" class=\"wpcf7-form-control has-spinner wpcf7-submit\" \/><\/p>\n<div class=\"wpcf7-response-output\" aria-hidden=\"true\"><\/div><input type=\"hidden\" name=\"trp-form-language\" value=\"ru\"\/><\/form><\/div><\/div><\/div><\/div><div class=\"wpb_column vc_column_container vc_col-sm-4\"><div class=\"vc_column-inner\"><div class=\"wpb_wrapper\"><\/div><\/div><\/div><div class=\"wpb_column vc_column_container vc_col-sm-12\"><div class=\"vc_column-inner\"><div class=\"wpb_wrapper\"><div class=\"vc_row wpb_row vc_inner vc_row-fluid\"><div class=\"wpb_column vc_column_container vc_col-sm-12\"><div class=\"vc_column-inner\"><div class=\"wpb_wrapper\"><\/div><\/div><\/div><\/div><\/div><\/div><\/div><\/div><div class=\"vc_row wpb_row vc_row-fluid\"><div class=\"wpb_column vc_column_container vc_col-sm-12\"><div class=\"vc_column-inner\"><div class=\"wpb_wrapper\">\n\t<div class=\"wpb_raw_code wpb_content_element wpb_raw_html\" >\n\t\t<div class=\"wpb_wrapper\">\n\t\t\t<style>\nbutton, html input[type=\"button\"], input[type=\"reset\"], input[type=\"submit\"] {\n    background: #aa202d;\n    color: white!important;\n}\nbutton, html input[type=\"button\"], input[type=\"reset\"], input[type=\"submit\"]:hover {\n background: #000000;\n}\nlabel {\n    font-family: 'Montserrat';\n}\nbutton, html input[type=\"button\"], input[type=\"reset\"], input[type=\"submit\"] {\n    margin: 0 auto;\n    display: block;\n}\n<\/style>\n\t\t<\/div>\n\t<\/div>\n<\/div><\/div><\/div><\/div>","protected":false},"excerpt":{"rendered":"Vinz\u0103ri angro Baza de produse Penat Velo \u0219i cu am\u0103nuntul la cele mai bune pre\u021buri. Produsele noastre sunt remarcate prin","protected":false},"author":1,"featured_media":0,"parent":0,"menu_order":0,"comment_status":"closed","ping_status":"closed","template":"","meta":[],"yoast_head":"<!-- This site is optimized with the Yoast SEO plugin v18.5.1 - https:\/\/yoast.com\/wordpress\/plugins\/seo\/ -->\n<title>Devino partener - Penat Velo<\/title>\n<meta name=\"robots\" content=\"index, follow, max-snippet:-1, max-image-preview:large, max-video-preview:-1\" \/>\n<link rel=\"canonical\" href=\"https:\/\/penatvelo.md\/ru\/devino-partener\/\" \/>\n<meta property=\"og:locale\" content=\"ru_RU\" \/>\n<meta property=\"og:type\" content=\"article\" \/>\n<meta property=\"og:title\" content=\"Devino partener - Penat Velo\" \/>\n<meta property=\"og:url\" content=\"https:\/\/penatvelo.md\/ru\/devino-partener\/\" \/>\n<meta property=\"og:site_name\" content=\"Penat Velo\" \/>\n<meta property=\"article:modified_time\" content=\"2022-04-08T09:03:52+00:00\" \/>\n<meta name=\"twitter:card\" content=\"summary_large_image\" \/>\n<meta name=\"twitter:label1\" content=\"\u041f\u0440\u0438\u043c\u0435\u0440\u043d\u043e\u0435 \u0432\u0440\u0435\u043c\u044f \u0434\u043b\u044f \u0447\u0442\u0435\u043d\u0438\u044f\" \/>\n\t<meta name=\"twitter:data1\" content=\"1 \u043c\u0438\u043d\u0443\u0442\u0430\" \/>\n<script type=\"application\/ld+json\" class=\"yoast-schema-graph\">{\"@context\":\"https:\/\/schema.org\",\"@graph\":[{\"@type\":\"WebSite\",\"@id\":\"https:\/\/penatvelo.md\/#website\",\"url\":\"https:\/\/penatvelo.md\/\",\"name\":\"Penat Velo\",\"description\":\"\",\"potentialAction\":[{\"@type\":\"SearchAction\",\"target\":{\"@type\":\"EntryPoint\",\"urlTemplate\":\"https:\/\/penatvelo.md\/?s={search_term_string}\"},\"query-input\":\"required name=search_term_string\"}],\"inLanguage\":\"ru-RU\"},{\"@type\":\"WebPage\",\"@id\":\"https:\/\/penatvelo.md\/devino-partener\/#webpage\",\"url\":\"https:\/\/penatvelo.md\/devino-partener\/\",\"name\":\"Devino partener - Penat Velo\",\"isPartOf\":{\"@id\":\"https:\/\/penatvelo.md\/#website\"},\"datePublished\":\"2022-03-31T13:35:06+00:00\",\"dateModified\":\"2022-04-08T09:03:52+00:00\",\"breadcrumb\":{\"@id\":\"https:\/\/penatvelo.md\/devino-partener\/#breadcrumb\"},\"inLanguage\":\"ru-RU\",\"potentialAction\":[{\"@type\":\"ReadAction\",\"target\":[\"https:\/\/penatvelo.md\/devino-partener\/\"]}]},{\"@type\":\"BreadcrumbList\",\"@id\":\"https:\/\/penatvelo.md\/devino-partener\/#breadcrumb\",\"itemListElement\":[{\"@type\":\"ListItem\",\"position\":1,\"name\":\"Prima pagin\u0103\",\"item\":\"https:\/\/penatvelo.md\/\"},{\"@type\":\"ListItem\",\"position\":2,\"name\":\"Devino partener\"}]}]}<\/script>\n<!-- \/ Yoast SEO plugin. -->","yoast_head_json":{"title":"Devino partener - Penat Velo","robots":{"index":"index","follow":"follow","max-snippet":"max-snippet:-1","max-image-preview":"max-image-preview:large","max-video-preview":"max-video-preview:-1"},"canonical":"https:\/\/penatvelo.md\/ru\/devino-partener\/","og_locale":"ru_RU","og_type":"article","og_title":"Devino partener - Penat Velo","og_url":"https:\/\/penatvelo.md\/ru\/devino-partener\/","og_site_name":"Penat Velo","article_modified_time":"2022-04-08T09:03:52+00:00","twitter_card":"summary_large_image","twitter_misc":{"\u041f\u0440\u0438\u043c\u0435\u0440\u043d\u043e\u0435 \u0432\u0440\u0435\u043c\u044f \u0434\u043b\u044f \u0447\u0442\u0435\u043d\u0438\u044f":"1 \u043c\u0438\u043d\u0443\u0442\u0430"},"schema":{"@context":"https:\/\/schema.org","@graph":[{"@type":"WebSite","@id":"https:\/\/penatvelo.md\/#website","url":"https:\/\/penatvelo.md\/","name":"Penat Velo","description":"","potentialAction":[{"@type":"SearchAction","target":{"@type":"EntryPoint","urlTemplate":"https:\/\/penatvelo.md\/?s={search_term_string}"},"query-input":"required name=search_term_string"}],"inLanguage":"ru-RU"},{"@type":"WebPage","@id":"https:\/\/penatvelo.md\/devino-partener\/#webpage","url":"https:\/\/penatvelo.md\/devino-partener\/","name":"Devino partener - Penat Velo","isPartOf":{"@id":"https:\/\/penatvelo.md\/#website"},"datePublished":"2022-03-31T13:35:06+00:00","dateModified":"2022-04-08T09:03:52+00:00","breadcrumb":{"@id":"https:\/\/penatvelo.md\/devino-partener\/#breadcrumb"},"inLanguage":"ru-RU","potentialAction":[{"@type":"ReadAction","target":["https:\/\/penatvelo.md\/devino-partener\/"]}]},{"@type":"BreadcrumbList","@id":"https:\/\/penatvelo.md\/devino-partener\/#breadcrumb","itemListElement":[{"@type":"ListItem","position":1,"name":"Prima pagin\u0103","item":"https:\/\/penatvelo.md\/"},{"@type":"ListItem","position":2,"name":"Devino partener"}]}]}},"_links":{"self":[{"href":"https:\/\/penatvelo.md\/ru\/wp-json\/wp\/v2\/pages\/7918"}],"collection":[{"href":"https:\/\/penatvelo.md\/ru\/wp-json\/wp\/v2\/pages"}],"about":[{"href":"https:\/\/penatvelo.md\/ru\/wp-json\/wp\/v2\/types\/page"}],"author":[{"embeddable":true,"href":"https:\/\/penatvelo.md\/ru\/wp-json\/wp\/v2\/users\/1"}],"replies":[{"embeddable":true,"href":"https:\/\/penatvelo.md\/ru\/wp-json\/wp\/v2\/comments?post=7918"}],"version-history":[{"count":0,"href":"https:\/\/penatvelo.md\/ru\/wp-json\/wp\/v2\/pages\/7918\/revisions"}],"wp:attachment":[{"href":"https:\/\/penatvelo.md\/ru\/wp-json\/wp\/v2\/media?parent=7918"}],"curies":[{"name":"wp","href":"https:\/\/api.w.org\/{rel}","templated":true}]}}